{"id":69,"date":"2018-01-09T18:49:11","date_gmt":"2018-01-09T18:49:11","guid":{"rendered":"http:\/\/jaderdias.com.br\/novosite\/?page_id=69"},"modified":"2019-09-14T14:22:32","modified_gmt":"2019-09-14T14:22:32","slug":"legislacao","status":"publish","type":"page","link":"https:\/\/www.jaderdias.com.br\/site\/legislacao\/","title":{"rendered":"Legisla\u00e7\u00e3o"},"content":{"rendered":"\n<table class=\"wp-block-table\"><tbody><tr><td>\n<em><strong>Legisla\u00e7\u00e3o   Federal<\/strong><\/em>\n&nbsp;\n<\/td><td><\/td><\/tr><tr><td>\n<a href=\"..\/..\/legisla\/federal\/const88.pdf\" target=\"_blank\" rel=\"noreferrer noopener\">Constitui\u00e7\u00e3o Federal.<\/a>\n<\/td><td><\/td><\/tr><tr><td>\n<a href=\"..\/..\/legisla\/federal\/l8.213.pdf\" target=\"_blank\" rel=\"noreferrer noopener\">Lei   8.213, Disp\u00f5e sobre os planos de   benef\u00edcios da Previd\u00eancia Social e d\u00e1 outras provid\u00eancias.<\/a>\n<\/td><td><\/td><\/tr><tr><td>\n<a href=\"..\/..\/legisla\/federal\/codcivil.pdf\" target=\"_blank\" rel=\"noreferrer noopener\">Lei 10.406, C\u00f3digo Civil Atualizado.<\/a>\n<\/td><td><\/td><\/tr><tr><td>\n<a href=\"..\/..\/legisla\/federal\/clt.pdf\" target=\"_blank\" rel=\"noreferrer noopener\">CLT<\/a>\n<\/td><td><\/td><\/tr><tr><td>\n<a href=\"..\/..\/legisla\/federal\/codconsumidor.pdf\" target=\"_blank\" rel=\"noreferrer noopener\">Lei&nbsp; 8.078, Disp\u00f5e sobre a prote\u00e7\u00e3o do consumidor e d\u00e1 outras   provid\u00eancias.<\/a>\n<\/td><td><\/td><\/tr><tr><td>\n<a href=\"..\/..\/legisla\/federal\/l9.717.pdf\" target=\"_blank\" rel=\"noreferrer noopener\">Lei N\u00ba 9.717, Disp\u00f5e sobre regras gerais para a organiza\u00e7\u00e3o e o funcionamento dos   regimes pr\u00f3prios de previd\u00eancia social dos servidores p\u00fablicos da Uni\u00e3o, dos   Estados, do Distrito Federal e dos Munic\u00edpios, dos militares dos Estados e do   Distrito Federal.<\/a>\n<\/td><td><\/td><\/tr><tr><td>\n<a href=\"..\/..\/legisla\/federal\/l8.036.pdf\" target=\"_blank\" rel=\"noreferrer noopener\">Lei 8.036, Condi\u00e7\u00f5es de saque do FGTS.<\/a>\n<\/td><td><\/td><\/tr><tr><td>\n<a href=\"..\/..\/legisla\/federal\/l6.880.pdf\">Lei 6.880, Estatuto dos Militares<\/a>.\n<\/td><td><\/td><\/tr><tr><td>\n<a href=\"..\/..\/legisla\/federal\/l8.112.pdf\">Lei   8.112, Disp\u00f5e sobre o regime   jur\u00eddico dos servidores p\u00fablicos civis da Uni\u00e3o, das autarquias e das   funda\u00e7\u00f5es p\u00fablicas federais.<\/a>\n<\/td><td><\/td><\/tr><tr><td>\n<a href=\"..\/..\/legisla\/federal\/l8.880.pdf\">Lei   8.880, Disp\u00f5e sobre o Programa de   Estabiliza\u00e7\u00e3o Econ\u00f4mica e o Sistema Monet\u00e1rio Nacional, institui a Unidade   Real de Valor (URV) e d\u00e1 outras provid\u00eancias.<\/a>\n<\/td><td><\/td><\/tr><tr><td>\n<a href=\"..\/..\/legisla\/federal\/l9.394.pdf\" target=\"_blank\" rel=\"noreferrer noopener\">Lei 9.394,   Lei Darcy Ribeiro<\/a>.\n<\/td><td><\/td><\/tr><tr><td>\n&nbsp;\n<\/td><td><\/td><\/tr><tr><td>\n<em><strong>Legisla\u00e7\u00e3o   do Estado do Par\u00e1<\/strong><\/em>\n&nbsp;\n<\/td><td><\/td><\/tr><tr><td>\n<a href=\"..\/..\/legisla\/estado\/constpara.pdf\" target=\"_blank\" rel=\"noreferrer noopener\">Constitui\u00e7\u00e3o do Estado do Par\u00e1.<\/a>\n<\/td><td><\/td><\/tr><tr><td>\n<a href=\"..\/..\/legisla\/estado\/l5810.pdf\" target=\"_blank\" rel=\"noreferrer noopener\">Lei 5.810, Disp\u00f5e sobre Regime jur\u00eddico \u00fanico dos &nbsp;servidores do estado do Par\u00e1.<\/a>\n<\/td><td><\/td><\/tr><tr><td><a href=\"..\/..\/legisla\/estado\/lei5351.pdf\" target=\"_blank\" rel=\"noreferrer noopener\">Lei 5.351\/86,&nbsp;Disp\u00f5e sobre o Estatuto do Magist\u00e9rio P\u00fablico Estadual do Par\u00e1.<\/a><\/td><td><\/td><\/tr><tr><td><a href=\"..\/..\/legisla\/estado\/lei5389.pdf\" target=\"_blank\" rel=\"noreferrer noopener\">Lei 5.389\/87, Disp\u00f5e sobre o regime jur\u00eddicodos servidores tempor\u00e1rios e a  contrata\u00e7\u00e3o para trabalhos especializados.<\/a><\/td><td><\/td><\/tr><tr><td>\n<a href=\"..\/..\/legisla\/estado\/l6439.pdf\" target=\"_blank\" rel=\"noreferrer noopener\">Lei 6.439,   Disp\u00f5e sobre o plano de Assist\u00eancia a Sa\u00fade PAS.<\/a>\n<\/td><td><\/td><\/tr><tr><td>\n<a href=\"..\/..\/legisla\/estado\/lc39.pdf\" target=\"_blank\" rel=\"noreferrer noopener\">Lei complementar n\u00b0 039, Regime de Previd\u00eancia Estadual.<\/a>\n<\/td><td><\/td><\/tr><tr><td>\n<a href=\"..\/..\/legisla\/estado\/lc44.pdf\" target=\"_blank\" rel=\"noreferrer noopener\">Lei complementar n\u00b0 044, Altera a lei 039 de 09 de janeiro 2002.<\/a>\n<\/td><td><\/td><\/tr><tr><td>\n<a href=\"..\/..\/legisla\/estado\/lc49.pdf\" target=\"_blank\" rel=\"noreferrer noopener\">Lei complementar n\u00b0 049, Altera a lei 039 de 09 de janeiro 2002.<\/a>\n<\/td><td><\/td><\/tr><tr><td>\n<a href=\"..\/..\/legisla\/estado\/manuprev.pdf\" target=\"_blank\" rel=\"noreferrer noopener\">Manual da Previd\u00eancia.<\/a>\n<\/td><td><\/td><\/tr><tr><td>\n<a href=\"..\/..\/legisla\/estado\/l5020.pdf\" target=\"_blank\" rel=\"noreferrer noopener\">Lei   5.020, Fixa n\u00edveis de vencimentos, vantagens e   sal\u00e1rios dos servidores p\u00fablicos civis e d\u00e1 outras provid\u00eancias.<\/a>\n<\/td><td><\/td><\/tr><tr><td>\n<a href=\"..\/..\/legisla\/estado\/l5384.pdf\" target=\"_blank\" rel=\"noreferrer noopener\">Lei   5.384, Reajusta os valores dos vencimentos e vantagens   dos Membros do Poder Judici\u00e1rio, da Justi\u00e7a Militar do Estado, do Secret\u00e1rio   e Subsecret\u00e1rio do Tribunal de Justi\u00e7a bem como define crit\u00e9rios para   reajuste dos vencimentos dos funcion\u00e1rios dos Poderes Legislativo e   Judici\u00e1rio e d\u00e1 outras provid\u00eancias.<\/a>\n<\/td><td><\/td><\/tr><tr><td>\n<a href=\"..\/..\/legisla\/estado\/l5838.pdf\" target=\"_blank\" rel=\"noreferrer noopener\">Lei 5.838, Redefine a composi\u00e7\u00e3o   organizacional, cria extingue cargos e fun\u00e7\u00f5es na secretaria de estado de   sa\u00fade p\u00fablica.<\/a>\n<\/td><td><\/td><\/tr><tr><td>\n<a href=\"..\/..\/legisla\/estado\/l5232.pdf\" target=\"_blank\" rel=\"noreferrer noopener\">Lei   5.232, Disp\u00f5e sobre a incorpora\u00e7\u00e3o de Representa\u00e7\u00e3o de   Fun\u00e7\u00e3o Gratificada nos termos<\/a>\n<a href=\"..\/..\/legisla\/estado\/l5232.pdf\" target=\"_blank\" rel=\"noreferrer noopener\">definidos   nesta Lei.<\/a>\n<\/td><td><\/td><\/tr><tr><td>\n<a href=\"..\/..\/legisla\/estado\/l5650.pdf\" target=\"_blank\" rel=\"noreferrer noopener\">Lei 5.650, Estabelece   adicional de remunera\u00e7\u00e3o para atividades penosas, insalubres ou perigosas,   nos termos do Art. 31, XVI da Constitui\u00e7\u00e3o Estadual.<\/a>\n<\/td><td><\/td><\/tr><tr><td>\n<a href=\"..\/..\/legisla\/estado\/re17300igep.pdf\" target=\"_blank\" rel=\"noreferrer noopener\">Resolu\u00e7\u00e3o 17.300, Aprova   Instru\u00e7\u00e3o Normativa sobre a remessa de processos de aposentadoria, reforma e   pens\u00e3o da Administra\u00e7\u00e3o P\u00fablica Estadual.<\/a>\n<\/td><td><\/td><\/tr><tr><td><a href=\"..\/..\/legisla\/estado\/d4714.pdf\" target=\"_blank\" rel=\"noreferrer noopener\">Decreto n\u00ba 4.714\/87 &#8211; PCCR Magist\u00e9rio.<\/a><\/td><td><\/td><\/tr><tr><td>\n<a href=\"..\/..\/legisla\/estado\/dePa13.pdf\" target=\"_blank\" rel=\"noreferrer noopener\">Decretos   do Estado em 2013.<\/a>\n<\/td><td><\/td><\/tr><tr><td>\n&nbsp;\n<\/td><td><\/td><\/tr><tr><td>\n<em><strong>Legisla\u00e7\u00e3o   do Munic\u00edpio de Bel\u00e9m<\/strong><\/em>\n&nbsp;\n<\/td><td><\/td><\/tr><tr><td>\n<a href=\"..\/..\/legisla\/pmb\/lorgbel.pdf\" target=\"_blank\" rel=\"noreferrer noopener\">Lei Org\u00e2nica do Munic\u00edpio de Bel\u00e9m<\/a>.\n<\/td><td><\/td><\/tr><tr><td>\n<a href=\"..\/..\/legisla\/pmb\/l7502.pdf\" target=\"_blank\" rel=\"noreferrer noopener\">Lei 7.502, Estatuto dos Funcion\u00e1rio p\u00fablicos de Bel\u00e9m.<\/a>\n<\/td><td><\/td><\/tr><tr><td>\n<a href=\"..\/..\/legisla\/pmb\/l7984.pdf\" target=\"_blank\" rel=\"noreferrer noopener\">Lei 7.984,   Disp\u00f5e sobre o plano de seguridade social dos Servidores de Bel\u00e9m.<\/a>\n<\/td><td><\/td><\/tr><tr><td>\n<a href=\"..\/..\/legisla\/pmb\/l7546.pdf\" target=\"_blank\" rel=\"noreferrer noopener\">Lei 7.546,   D\u00e1 reda\u00e7\u00e3o e dispisitivos vetados da Lei 7.507, de 14 de Janeiro 1991.<\/a>\n<\/td><td><\/td><\/tr><tr><td>\n<a href=\"..\/..\/legisla\/pmb\/l7528.pdf\" target=\"_blank\" rel=\"noreferrer noopener\">Lei 7.528,   Disp\u00f5e sobre o estatuto do magist\u00e9rio do Munic\u00edpio de Bel\u00e9m.<\/a>\n<\/td><td><\/td><\/tr><tr><td>\n<a href=\"..\/..\/legisla\/pmb\/l7673.pdf\" target=\"_blank\" rel=\"noreferrer noopener\">Lei 7.673,   Disp\u00f5e sobre o sistema de promo\u00e7\u00e3o do magist\u00e9rio do Munic\u00edpio de Bel\u00e9m.<\/a>\n<\/td><td><\/td><\/tr><tr><td>\n<a href=\"..\/..\/legisla\/pmb\/l7507.pdf\" target=\"_blank\" rel=\"noreferrer noopener\">Lei 7.507, Disp\u00f5e sobre o plano de carreira do quadro de pessoal da Prefeitura de Bel\u00e9m.<\/a>\n<\/td><td><\/td><\/tr><tr><td>\n<a href=\"..\/..\/legisla\/pmb\/l8447.pdf\" target=\"_blank\" rel=\"noreferrer noopener\">Lei 8.447,   Disp\u00f5e sobre plano de carreira da FUNPAPA.<\/a>\n<\/td><td><\/td><\/tr><tr><td>\n<a href=\"..\/..\/legisla\/pmb\/l8856.pdf\" target=\"_blank\" rel=\"noreferrer noopener\">Lei 8.856,   Altera dispositivos da lei 7.984, de 30 de Dezembro 1999.<\/a>\n<\/td><td><\/td><\/tr><\/tbody><\/table>\n","protected":false},"excerpt":{"rendered":"<p>Legisla\u00e7\u00e3o Federal &nbsp; Constitui\u00e7\u00e3o Federal. Lei 8.213, Disp\u00f5e sobre os planos de benef\u00edcios da Previd\u00eancia Social e d\u00e1 outras provid\u00eancias. Lei 10.406, C\u00f3digo Civil Atualizado. CLT Lei&nbsp; 8.078, Disp\u00f5e sobre a prote\u00e7\u00e3o do consumidor e d\u00e1 outras provid\u00eancias. Lei N\u00ba 9.717, Disp\u00f5e sobre regras gerais para a organiza\u00e7\u00e3o e o&hellip;<\/p>\n","protected":false},"author":1,"featured_media":0,"parent":0,"menu_order":0,"comment_status":"closed","ping_status":"closed","template":"","meta":{"footnotes":""},"class_list":["post-69","page","type-page","status-publish","hentry"],"_links":{"self":[{"href":"https:\/\/www.jaderdias.com.br\/site\/wp-json\/wp\/v2\/pages\/69","targetHints":{"allow":["GET"]}}],"collection":[{"href":"https:\/\/www.jaderdias.com.br\/site\/wp-json\/wp\/v2\/pages"}],"about":[{"href":"https:\/\/www.jaderdias.com.br\/site\/wp-json\/wp\/v2\/types\/page"}],"author":[{"embeddable":true,"href":"https:\/\/www.jaderdias.com.br\/site\/wp-json\/wp\/v2\/users\/1"}],"replies":[{"embeddable":true,"href":"https:\/\/www.jaderdias.com.br\/site\/wp-json\/wp\/v2\/comments?post=69"}],"version-history":[{"count":2,"href":"https:\/\/www.jaderdias.com.br\/site\/wp-json\/wp\/v2\/pages\/69\/revisions"}],"predecessor-version":[{"id":439,"href":"https:\/\/www.jaderdias.com.br\/site\/wp-json\/wp\/v2\/pages\/69\/revisions\/439"}],"wp:attachment":[{"href":"https:\/\/www.jaderdias.com.br\/site\/wp-json\/wp\/v2\/media?parent=69"}],"curies":[{"name":"wp","href":"https:\/\/api.w.org\/{rel}","templated":true}]}}