{"id":67,"date":"2018-01-09T18:49:11","date_gmt":"2018-01-09T18:49:11","guid":{"rendered":"http:\/\/jaderdias.com.br\/novosite\/?page_id=67"},"modified":"2019-09-14T14:24:45","modified_gmt":"2019-09-14T14:24:45","slug":"jurisprudencias","status":"publish","type":"page","link":"https:\/\/www.jaderdias.com.br\/site\/jurisprudencias\/","title":{"rendered":"Jurisprud\u00eancias"},"content":{"rendered":"\n<p>Escolha sua categoria:<\/p>\n\n\n\n<p><a href=\"http:\/\/www.jaderdias.com.br\/site\/?p=materias&amp;id_categoria=17\">Jurisprud\u00eancia Administrativa<\/a><\/p>\n\n\n\n<p><a href=\"http:\/\/www.jaderdias.com.br\/site\/?p=materias&amp;id_categoria=16\">Jurisprud\u00eancia Previdenci\u00e1ria<\/a><\/p>\n\n\n\n<p><a href=\"http:\/\/www.jaderdias.com.br\/site\/?p=materias&amp;id_categoria=15\">Jurisprud\u00eancia Trabalhista<\/a><\/p>\n","protected":false},"excerpt":{"rendered":"<p>Escolha sua categoria: Jurisprud\u00eancia Administrativa Jurisprud\u00eancia Previdenci\u00e1ria Jurisprud\u00eancia Trabalhista<\/p>\n","protected":false},"author":1,"featured_media":0,"parent":0,"menu_order":0,"comment_status":"closed","ping_status":"closed","template":"","meta":{"footnotes":""},"class_list":["post-67","page","type-page","status-publish","hentry"],"_links":{"self":[{"href":"https:\/\/www.jaderdias.com.br\/site\/wp-json\/wp\/v2\/pages\/67","targetHints":{"allow":["GET"]}}],"collection":[{"href":"https:\/\/www.jaderdias.com.br\/site\/wp-json\/wp\/v2\/pages"}],"about":[{"href":"https:\/\/www.jaderdias.com.br\/site\/wp-json\/wp\/v2\/types\/page"}],"author":[{"embeddable":true,"href":"https:\/\/www.jaderdias.com.br\/site\/wp-json\/wp\/v2\/users\/1"}],"replies":[{"embeddable":true,"href":"https:\/\/www.jaderdias.com.br\/site\/wp-json\/wp\/v2\/comments?post=67"}],"version-history":[{"count":2,"href":"https:\/\/www.jaderdias.com.br\/site\/wp-json\/wp\/v2\/pages\/67\/revisions"}],"predecessor-version":[{"id":440,"href":"https:\/\/www.jaderdias.com.br\/site\/wp-json\/wp\/v2\/pages\/67\/revisions\/440"}],"wp:attachment":[{"href":"https:\/\/www.jaderdias.com.br\/site\/wp-json\/wp\/v2\/media?parent=67"}],"curies":[{"name":"wp","href":"https:\/\/api.w.org\/{rel}","templated":true}]}}