{"id":466,"date":"2019-09-14T14:48:51","date_gmt":"2019-09-14T14:48:51","guid":{"rendered":"https:\/\/www.jaderdias.com.br\/site\/?page_id=466"},"modified":"2019-09-14T14:49:53","modified_gmt":"2019-09-14T14:49:53","slug":"progressao-funcional-municipio-de-belem","status":"publish","type":"page","link":"https:\/\/www.jaderdias.com.br\/site\/progressao-funcional-municipio-de-belem\/","title":{"rendered":"Progress\u00e3o Funcional Munic\u00edpio de Bel\u00e9m"},"content":{"rendered":"\n<h2 class=\"wp-block-heading\">\u00daltimas Senten\u00e7as<\/h2>\n\n\n\n<p><a rel=\"noreferrer noopener\" href=\"http:\/\/jaderdias.com.br\/site\/wp-content\/uploads\/2018\/03\/SENTEN\u00c7A-0800731-25.2015.8.14.0954-GERAL-PJE.pdf\" target=\"_blank\">SENTEN\u00c7A \u2013 0800731-25.2015.8.14.0954<\/a><\/p>\n\n\n\n<p><a href=\"http:\/\/jaderdias.com.br\/site\/wp-content\/uploads\/2018\/03\/SENTEN\u00c7A-0003068-10.2013.8.14.0301-GERAL.pdf\" target=\"_blank\" rel=\"noreferrer noopener\">SENTEN\u00c7A \u2013 0003068-10.2013.8.14.0301<\/a><\/p>\n\n\n\n<p><a href=\"http:\/\/jaderdias.com.br\/site\/wp-content\/uploads\/2018\/03\/SENTEN\u00c7A-0015098-49.2011.8.14.0301-GERAL.pdf\" target=\"_blank\" rel=\"noreferrer noopener\">SENTEN\u00c7A \u2013 0015098-49.2011.8.14.0301<\/a><\/p>\n\n\n\n<p><a href=\"http:\/\/jaderdias.com.br\/site\/wp-content\/uploads\/2018\/03\/SENTEN\u00c7A-0015105-14.2011.8.14.0301-GERAL.pdf\" target=\"_blank\" rel=\"noreferrer noopener\">SENTEN\u00c7A \u2013 0015105-14.2011.8.14.0301<\/a><\/p>\n\n\n\n<p><a href=\"http:\/\/jaderdias.com.br\/site\/wp-content\/uploads\/2018\/03\/SENTEN\u00c7A-0015477-52.2012.8.14.0301-GERAL.pdf\" target=\"_blank\" rel=\"noreferrer noopener\">SENTEN\u00c7A \u2013 0015477-52.2012.8.14.0301<\/a><\/p>\n\n\n\n<p><a href=\"http:\/\/jaderdias.com.br\/site\/wp-content\/uploads\/2018\/03\/SENTEN\u00c7A-0015763-22.2011.8.14.0301-GERAL.pdf\" target=\"_blank\" rel=\"noreferrer noopener\">SENTEN\u00c7A \u2013 0015763-22.2011.8.14.0301<\/a><\/p>\n\n\n\n<p><a href=\"http:\/\/jaderdias.com.br\/site\/wp-content\/uploads\/2018\/03\/SENTEN\u00c7A-0017762-18.2012.8.14.0301-GERAL.pdf\" target=\"_blank\" rel=\"noreferrer noopener\">SENTEN\u00c7A \u2013 0017762-18.2012.8.14.0301<\/a><\/p>\n\n\n\n<p><a href=\"http:\/\/jaderdias.com.br\/site\/wp-content\/uploads\/2018\/03\/SENTEN\u00c7A-0017765-70.2012.8.14.0301-GERAL.pdf\" target=\"_blank\" rel=\"noreferrer noopener\">SENTEN\u00c7A \u2013 0017765-70.2012.8.14.0301<\/a><\/p>\n\n\n\n<p><a href=\"http:\/\/jaderdias.com.br\/site\/wp-content\/uploads\/2018\/03\/SENTEN\u00c7A-0017769-10.2012.8.14.0301-GERAL.pdf\" target=\"_blank\" rel=\"noreferrer noopener\">SENTEN\u00c7A \u2013 0017769-10.2012.8.14.0301<\/a><\/p>\n\n\n\n<p><a href=\"http:\/\/jaderdias.com.br\/site\/wp-content\/uploads\/2018\/03\/SENTEN\u00c7A-0017770-92.2012.8.14.0301-GERAL.pdf\" target=\"_blank\" rel=\"noreferrer noopener\">SENTEN\u00c7A \u2013 0017770-92.2012.8.14.0301<\/a><\/p>\n\n\n\n<p><a href=\"http:\/\/jaderdias.com.br\/site\/wp-content\/uploads\/2018\/03\/SENTEN\u00c7A-0017771-77.2012.8.14.0301-GERAL.pdf\" target=\"_blank\" rel=\"noreferrer noopener\">SENTEN\u00c7A \u2013 0017771-77.2012.8.14.0301<\/a><\/p>\n\n\n\n<p><a href=\"http:\/\/jaderdias.com.br\/site\/wp-content\/uploads\/2018\/03\/SENTEN\u00c7A-0021121-73.2012.8.14.0301-GERAL.pdf\" target=\"_blank\" rel=\"noreferrer noopener\">SENTEN\u00c7A \u2013 0021121-73.2012.8.14.0301<\/a><\/p>\n\n\n\n<p><a href=\"http:\/\/jaderdias.com.br\/site\/wp-content\/uploads\/2018\/03\/SENTEN\u00c7A-0021129-50.2012.8.14.0301-GERAL.pdf\" target=\"_blank\" rel=\"noreferrer noopener\">SENTEN\u00c7A \u2013 0021129-50.2012.8.14.0301<\/a><\/p>\n\n\n\n<p><a href=\"http:\/\/jaderdias.com.br\/site\/wp-content\/uploads\/2018\/03\/SENTEN\u00c7A-0021132-05.2012.8.14.0301-GERAL.pdf\" target=\"_blank\" rel=\"noreferrer noopener\">SENTEN\u00c7A \u2013 0021132-05.2012.8.14.0301<\/a><\/p>\n\n\n\n<p><a href=\"http:\/\/jaderdias.com.br\/site\/wp-content\/uploads\/2018\/03\/SENTEN\u00c7A-0021133-87.2012.8.14.0301-GERAL.pdf\" target=\"_blank\" rel=\"noreferrer noopener\">SENTEN\u00c7A \u2013 0021133-87.2012.8.14.0301<\/a><\/p>\n\n\n\n<p><a href=\"http:\/\/jaderdias.com.br\/site\/wp-content\/uploads\/2018\/03\/SENTEN\u00c7A-0023814-30.2012.8.14.0301-GERAL.pdf\" target=\"_blank\" rel=\"noreferrer noopener\">SENTEN\u00c7A \u2013 0023814-30.2012.8.14.0301<\/a><\/p>\n\n\n\n<p><a href=\"http:\/\/jaderdias.com.br\/site\/wp-content\/uploads\/2018\/03\/SENTEN\u00c7A-0023816-97.2012.8.14.0301-GERAL.pdf\" target=\"_blank\" rel=\"noreferrer noopener\">SENTEN\u00c7A \u2013 0023816-97.2012.8.14.0301<\/a><\/p>\n\n\n\n<p><a href=\"http:\/\/jaderdias.com.br\/site\/wp-content\/uploads\/2018\/03\/SENTEN\u00c7A-0026821-30.2012.8.14.0301-GERAL.pdf\" target=\"_blank\" rel=\"noreferrer noopener\">SENTEN\u00c7A \u2013 0026821-30.2012.8.14.0301<\/a><\/p>\n\n\n\n<p><a href=\"http:\/\/jaderdias.com.br\/site\/wp-content\/uploads\/2018\/03\/SENTEN\u00c7A-0026841-21.2012.8.14.0301-GERAL.pdf\" target=\"_blank\" rel=\"noreferrer noopener\">SENTEN\u00c7A \u2013 0026841-21.2012.8.14.0301<\/a><\/p>\n\n\n\n<p><a href=\"http:\/\/jaderdias.com.br\/site\/wp-content\/uploads\/2018\/03\/SENTEN\u00c7A-0028993-42.2012.8.14.0301-GERAL.pdf\" target=\"_blank\" rel=\"noreferrer noopener\">SENTEN\u00c7A \u2013 0028993-42.2012.8.14.0301<\/a><\/p>\n\n\n\n<p><a href=\"http:\/\/jaderdias.com.br\/site\/wp-content\/uploads\/2018\/03\/SENTEN\u00c7A-0028995-12.2012.8.14.0301-GERAL-IPAMB.pdf\" target=\"_blank\" rel=\"noreferrer noopener\">SENTEN\u00c7A \u2013 0028995-12.2012.8.14.0301 \u2013&nbsp; IPAMB<\/a><\/p>\n\n\n\n<p><a href=\"http:\/\/jaderdias.com.br\/site\/wp-content\/uploads\/2018\/03\/SENTEN\u00c7A-0032753-96.2012.8.14.0301-GERAL-IPAMB.pdf\" target=\"_blank\" rel=\"noreferrer noopener\">SENTEN\u00c7A \u2013 0032753-96.2012.8.14.0301 \u2013&nbsp; IPAMB<\/a><\/p>\n\n\n\n<p><a href=\"http:\/\/jaderdias.com.br\/site\/wp-content\/uploads\/2018\/03\/SENTEN\u00c7A-0033315-08.2012.8.14.0301-GERAL.pdf\" target=\"_blank\" rel=\"noreferrer noopener\">SENTEN\u00c7A \u2013 0033315-08.2012.8.14.0301<\/a><\/p>\n\n\n\n<p><a href=\"http:\/\/jaderdias.com.br\/site\/wp-content\/uploads\/2018\/03\/SENTEN\u00c7A-0038385-40.2011.8.14.0301-GERAL.pdf\" target=\"_blank\" rel=\"noreferrer noopener\">SENTEN\u00c7A \u2013 0038385-40.2011.8.14.0301<\/a><\/p>\n\n\n\n<p><a href=\"http:\/\/jaderdias.com.br\/site\/wp-content\/uploads\/2018\/03\/SENTEN\u00c7A-0046491-83.2014.8.14.0301-GERAL.pdf\" target=\"_blank\" rel=\"noreferrer noopener\">SENTEN\u00c7A \u2013 0046491-83.2014.8.14.0301<\/a><\/p>\n\n\n\n<p><a href=\"http:\/\/jaderdias.com.br\/site\/wp-content\/uploads\/2018\/03\/SENTEN\u00c7A-0047643-06.2013.8.14.0301-GERAL.pdf\" target=\"_blank\" rel=\"noreferrer noopener\">SENTEN\u00c7A \u2013 0047643-06.2013.8.14.0301<\/a><\/p>\n\n\n\n<p><a href=\"http:\/\/jaderdias.com.br\/site\/wp-content\/uploads\/2018\/03\/SENTEN\u00c7A-0055371-98.2013.8.14.0301-GERAL.pdf\" target=\"_blank\" rel=\"noreferrer noopener\">SENTEN\u00c7A \u2013 0055371-98.2013.8.14.0301<\/a><\/p>\n\n\n\n<p><a href=\"http:\/\/jaderdias.com.br\/site\/wp-content\/uploads\/2018\/03\/SENTEN\u00c7A-0055374-53.2013.8.14.0301-GERAL.pdf\" target=\"_blank\" rel=\"noreferrer noopener\">SENTEN\u00c7A \u2013 0055374-53.2013.8.14.0301<\/a><\/p>\n\n\n\n<p><a href=\"http:\/\/jaderdias.com.br\/site\/wp-content\/uploads\/2018\/03\/SENTEN\u00c7A-0055557-24.2013.8.14.0301-GERAL.pdf\" target=\"_blank\" rel=\"noreferrer noopener\">SENTEN\u00c7A \u2013 0055557-24.2013.8.14.0301<\/a><\/p>\n\n\n\n<p><a href=\"http:\/\/jaderdias.com.br\/site\/wp-content\/uploads\/2018\/03\/SENTEN\u00c7A-0055570-23.2013.8.14.0301-GERAL.pdf\" target=\"_blank\" rel=\"noreferrer noopener\">SENTEN\u00c7A \u2013 0055570-23.2013.8.14.0301<\/a><\/p>\n\n\n\n<p><a href=\"http:\/\/jaderdias.com.br\/site\/wp-content\/uploads\/2018\/03\/SENTEN\u00c7A-0055574-60.2013.8.14.0301-GERAL.pdf\" target=\"_blank\" rel=\"noreferrer noopener\">SENTEN\u00c7A \u2013 0055574-60.2013.8.14.0301<\/a><\/p>\n\n\n\n<p><a href=\"http:\/\/jaderdias.com.br\/site\/wp-content\/uploads\/2018\/03\/SENTEN\u00c7A-0055585-89.2013.8.14.0301-GERAL.pdf\" target=\"_blank\" rel=\"noreferrer noopener\">SENTEN\u00c7A \u2013 0055585-89.2013.8.14.0301<\/a><\/p>\n\n\n\n<p><a href=\"http:\/\/jaderdias.com.br\/site\/wp-content\/uploads\/2018\/03\/SENTEN\u00c7A-0058220-14.2011.8.14.0301-GERAL-IPAMB.pdf\" target=\"_blank\" rel=\"noreferrer noopener\">SENTEN\u00c7A \u2013 0058220-14.2011.8.14.0301 \u2013 IPAMB<\/a><\/p>\n\n\n\n<p><a href=\"http:\/\/jaderdias.com.br\/site\/wp-content\/uploads\/2018\/03\/SENTEN\u00c7A-0060683-89.2012.8.14.0301-GERAL-IPAMB.pdf\" target=\"_blank\" rel=\"noreferrer noopener\">SENTEN\u00c7A \u2013 0060683-89.2012.8.14.0301 -IPAMB<\/a><\/p>\n\n\n\n<p><a href=\"http:\/\/jaderdias.com.br\/site\/wp-content\/uploads\/2018\/03\/SENTEN\u00c7A-0060692-51.2012.8.14.0301-GERAL.pdf\" target=\"_blank\" rel=\"noreferrer noopener\">SENTEN\u00c7A \u2013 0060692-51.2012.8.14.0301<\/a><\/p>\n\n\n\n<p><a href=\"http:\/\/jaderdias.com.br\/site\/wp-content\/uploads\/2018\/03\/SENTEN\u00c7A-0081994-05.2013.8.14.0301-GERAL.pdf\" target=\"_blank\" rel=\"noreferrer noopener\">SENTEN\u00c7A \u2013 0081994-05.2013.8.14.0301<\/a><\/p>\n\n\n\n<p><a href=\"http:\/\/jaderdias.com.br\/site\/wp-content\/uploads\/2018\/03\/SENTEN\u00c7A-0087469-39.2013.8.14.0301-GERAL.pdf\" target=\"_blank\" rel=\"noreferrer noopener\">SENTEN\u00c7A \u2013 0087469-39.2013.8.14.0301<\/a><\/p>\n\n\n\n<p><a href=\"http:\/\/jaderdias.com.br\/site\/wp-content\/uploads\/2018\/03\/SENTEN\u00c7A-0087482-38.2013.8.14.0301-GERAL.pdf\" target=\"_blank\" rel=\"noreferrer noopener\">SENTEN\u00c7A \u2013 0087482-38.2013.8.14.0301<\/a><\/p>\n\n\n\n<p><\/p>\n","protected":false},"excerpt":{"rendered":"<p>\u00daltimas Senten\u00e7as SENTEN\u00c7A \u2013 0800731-25.2015.8.14.0954 SENTEN\u00c7A \u2013 0003068-10.2013.8.14.0301 SENTEN\u00c7A \u2013 0015098-49.2011.8.14.0301 SENTEN\u00c7A \u2013 0015105-14.2011.8.14.0301 SENTEN\u00c7A \u2013 0015477-52.2012.8.14.0301 SENTEN\u00c7A \u2013 0015763-22.2011.8.14.0301 SENTEN\u00c7A \u2013 0017762-18.2012.8.14.0301 SENTEN\u00c7A \u2013 0017765-70.2012.8.14.0301 SENTEN\u00c7A \u2013 0017769-10.2012.8.14.0301 SENTEN\u00c7A \u2013 0017770-92.2012.8.14.0301 SENTEN\u00c7A \u2013 0017771-77.2012.8.14.0301 SENTEN\u00c7A \u2013 0021121-73.2012.8.14.0301 SENTEN\u00c7A \u2013 0021129-50.2012.8.14.0301 SENTEN\u00c7A \u2013 0021132-05.2012.8.14.0301 SENTEN\u00c7A \u2013 0021133-87.2012.8.14.0301 SENTEN\u00c7A \u2013 0023814-30.2012.8.14.0301&hellip;<\/p>\n","protected":false},"author":1,"featured_media":0,"parent":0,"menu_order":0,"comment_status":"closed","ping_status":"closed","template":"","meta":{"footnotes":""},"class_list":["post-466","page","type-page","status-publish","hentry"],"_links":{"self":[{"href":"https:\/\/www.jaderdias.com.br\/site\/wp-json\/wp\/v2\/pages\/466","targetHints":{"allow":["GET"]}}],"collection":[{"href":"https:\/\/www.jaderdias.com.br\/site\/wp-json\/wp\/v2\/pages"}],"about":[{"href":"https:\/\/www.jaderdias.com.br\/site\/wp-json\/wp\/v2\/types\/page"}],"author":[{"embeddable":true,"href":"https:\/\/www.jaderdias.com.br\/site\/wp-json\/wp\/v2\/users\/1"}],"replies":[{"embeddable":true,"href":"https:\/\/www.jaderdias.com.br\/site\/wp-json\/wp\/v2\/comments?post=466"}],"version-history":[{"count":2,"href":"https:\/\/www.jaderdias.com.br\/site\/wp-json\/wp\/v2\/pages\/466\/revisions"}],"predecessor-version":[{"id":468,"href":"https:\/\/www.jaderdias.com.br\/site\/wp-json\/wp\/v2\/pages\/466\/revisions\/468"}],"wp:attachment":[{"href":"https:\/\/www.jaderdias.com.br\/site\/wp-json\/wp\/v2\/media?parent=466"}],"curies":[{"name":"wp","href":"https:\/\/api.w.org\/{rel}","templated":true}]}}